{"id":169,"date":"2022-12-27T16:21:49","date_gmt":"2022-12-27T16:21:49","guid":{"rendered":"https:\/\/www.kp.education\/?page_id=169"},"modified":"2024-05-24T15:10:09","modified_gmt":"2024-05-24T15:10:09","slug":"contact","status":"publish","type":"page","link":"https:\/\/www.kp.education\/fr\/contact\/","title":{"rendered":"Contact"},"content":{"rendered":"\t\t<div data-elementor-type=\"wp-page\" data-elementor-id=\"169\" class=\"elementor elementor-169\" data-elementor-post-type=\"page\">\n\t\t\t\t\t\t<section class=\"elementor-section elementor-top-section elementor-element elementor-element-3c6d535 elementor-section-full_width elementor-section-height-default elementor-section-height-default\" data-id=\"3c6d535\" data-element_type=\"section\" data-e-type=\"section\" id=\"top\" data-settings=\"{&quot;background_background&quot;:&quot;classic&quot;}\">\n\t\t\t\t\t\t<div class=\"elementor-container elementor-column-gap-no\">\n\t\t\t\t\t<div class=\"elementor-column elementor-col-100 elementor-top-column elementor-element elementor-element-1f0fda5\" data-id=\"1f0fda5\" data-element_type=\"column\" data-e-type=\"column\">\n\t\t\t<div class=\"elementor-widget-wrap elementor-element-populated\">\n\t\t\t\t\t\t<div class=\"elementor-element elementor-element-9a1e397 elementor-icon-list--layout-inline elementor-list-item-link-full_width elementor-widget elementor-widget-icon-list\" data-id=\"9a1e397\" data-element_type=\"widget\" data-e-type=\"widget\" data-widget_type=\"icon-list.default\">\n\t\t\t\t<div class=\"elementor-widget-container\">\n\t\t\t\t\t\t\t<ul class=\"elementor-icon-list-items elementor-inline-items\">\n\t\t\t\t\t\t\t<li class=\"elementor-icon-list-item elementor-inline-item\">\n\t\t\t\t\t\t\t\t\t\t\t<a href=\"https:\/\/www.kp.education\/\">\n\n\t\t\t\t\t\t\t\t\t\t\t<span class=\"elementor-icon-list-text\">Accueil<\/span>\n\t\t\t\t\t\t\t\t\t\t\t<\/a>\n\t\t\t\t\t\t\t\t\t<\/li>\n\t\t\t\t\t\t\t\t<li class=\"elementor-icon-list-item elementor-inline-item\">\n\t\t\t\t\t\t\t\t\t\t\t<span class=\"elementor-icon-list-icon\">\n\t\t\t\t\t\t\t<i aria-hidden=\"true\" class=\"fas fa-chevron-right\"><\/i>\t\t\t\t\t\t<\/span>\n\t\t\t\t\t\t\t\t\t\t<span class=\"elementor-icon-list-text\"><strong>Contact<\/strong><\/span>\n\t\t\t\t\t\t\t\t\t<\/li>\n\t\t\t\t\t\t<\/ul>\n\t\t\t\t\t\t<\/div>\n\t\t\t\t<\/div>\n\t\t\t\t<div class=\"elementor-element elementor-element-cf80849 elementor-widget elementor-widget-heading\" data-id=\"cf80849\" data-element_type=\"widget\" data-e-type=\"widget\" data-widget_type=\"heading.default\">\n\t\t\t\t<div class=\"elementor-widget-container\">\n\t\t\t\t\t<h1 class=\"elementor-heading-title elementor-size-default\">Contact<\/h1>\t\t\t\t<\/div>\n\t\t\t\t<\/div>\n\t\t\t\t\t<\/div>\n\t\t<\/div>\n\t\t\t\t\t<\/div>\n\t\t<\/section>\n\t\t\t\t<section class=\"elementor-section elementor-top-section elementor-element elementor-element-5734636c elementor-section-content-middle elementor-section-boxed elementor-section-height-default elementor-section-height-default\" data-id=\"5734636c\" data-element_type=\"section\" data-e-type=\"section\" data-settings=\"{&quot;background_background&quot;:&quot;classic&quot;}\">\n\t\t\t\t\t\t<div class=\"elementor-container elementor-column-gap-no\">\n\t\t\t\t\t<div class=\"elementor-column elementor-col-100 elementor-top-column elementor-element elementor-element-39d61b89\" data-id=\"39d61b89\" data-element_type=\"column\" data-e-type=\"column\" data-settings=\"{&quot;background_background&quot;:&quot;classic&quot;}\">\n\t\t\t<div class=\"elementor-widget-wrap elementor-element-populated\">\n\t\t\t\t\t\t<div class=\"elementor-element elementor-element-93177a2 elementor-widget elementor-widget-heading\" data-id=\"93177a2\" data-element_type=\"widget\" data-e-type=\"widget\" data-widget_type=\"heading.default\">\n\t\t\t\t<div class=\"elementor-widget-container\">\n\t\t\t\t\t<h2 class=\"elementor-heading-title elementor-size-default\">Nous contacter<\/h2>\t\t\t\t<\/div>\n\t\t\t\t<\/div>\n\t\t\t\t<div class=\"elementor-element elementor-element-0cad606 elementor-button-align-center elementor-mobile-button-align-center elementor-widget elementor-widget-form\" data-id=\"0cad606\" data-element_type=\"widget\" data-e-type=\"widget\" data-settings=\"{&quot;step_next_label&quot;:&quot;Suivant&quot;,&quot;step_previous_label&quot;:&quot;Pr\\u00e9c\\u00e9dent&quot;,&quot;button_width&quot;:&quot;100&quot;,&quot;step_type&quot;:&quot;number_text&quot;,&quot;step_icon_shape&quot;:&quot;circle&quot;}\" data-widget_type=\"form.default\">\n\t\t\t\t<div class=\"elementor-widget-container\">\n\t\t\t\t\t\t\t<form class=\"elementor-form\" method=\"post\" name=\"New Form\" aria-label=\"New Form\">\n\t\t\t<input type=\"hidden\" name=\"post_id\" value=\"169\"\/>\n\t\t\t<input type=\"hidden\" name=\"form_id\" value=\"0cad606\"\/>\n\t\t\t<input type=\"hidden\" name=\"referer_title\" value=\"KP.EDUCATION &#8211; Une question ? Contactez-nous\" \/>\n\n\t\t\t\t\t\t\t<input type=\"hidden\" name=\"queried_id\" value=\"169\"\/>\n\t\t\t\n\t\t\t<div class=\"elementor-form-fields-wrapper elementor-labels-above\">\n\t\t\t\t\t\t\t\t<div class=\"elementor-field-type-text elementor-field-group elementor-column elementor-field-group-name elementor-col-50\">\n\t\t\t\t\t\t\t\t\t\t\t\t<label for=\"form-field-name\" class=\"elementor-field-label\">\n\t\t\t\t\t\t\t\tNom & Pr\u00e9nom\t\t\t\t\t\t\t<\/label>\n\t\t\t\t\t\t\t\t\t\t\t\t\t\t<input size=\"1\" type=\"text\" name=\"form_fields[name]\" id=\"form-field-name\" class=\"elementor-field elementor-size-sm  elementor-field-textual\">\n\t\t\t\t\t\t\t\t\t\t\t<\/div>\n\t\t\t\t\t\t\t\t<div class=\"elementor-field-type-email elementor-field-group elementor-column elementor-field-group-email elementor-col-50 elementor-field-required elementor-mark-required\">\n\t\t\t\t\t\t\t\t\t\t\t\t<label for=\"form-field-email\" class=\"elementor-field-label\">\n\t\t\t\t\t\t\t\tE-mail\t\t\t\t\t\t\t<\/label>\n\t\t\t\t\t\t\t\t\t\t\t\t\t\t<input size=\"1\" type=\"email\" name=\"form_fields[email]\" id=\"form-field-email\" class=\"elementor-field elementor-size-sm  elementor-field-textual\" required=\"required\">\n\t\t\t\t\t\t\t\t\t\t\t<\/div>\n\t\t\t\t\t\t\t\t<div class=\"elementor-field-type-textarea elementor-field-group elementor-column elementor-field-group-6ed25c0 elementor-col-100 elementor-field-required elementor-mark-required\">\n\t\t\t\t\t\t\t\t\t\t\t\t<label for=\"form-field-6ed25c0\" class=\"elementor-field-label\">\n\t\t\t\t\t\t\t\tMessage\t\t\t\t\t\t\t<\/label>\n\t\t\t\t\t\t<textarea class=\"elementor-field-textual elementor-field  elementor-size-sm\" name=\"form_fields[6ed25c0]\" id=\"form-field-6ed25c0\" rows=\"4\" required=\"required\"><\/textarea>\t\t\t\t<\/div>\n\t\t\t\t\t\t\t\t<div class=\"elementor-field-type-recaptcha_v3 elementor-field-group elementor-column elementor-field-group-field_e3aab2f elementor-col-100 recaptcha_v3-inline\">\n\t\t\t\t\t<div class=\"elementor-field\" id=\"form-field-field_e3aab2f\"><div class=\"elementor-g-recaptcha\" data-sitekey=\"6Lew5sUjAAAAAE96NRSV1G7xwiWdqAWRLRBqI0n0\" data-type=\"v3\" data-action=\"Form\" data-badge=\"inline\" data-size=\"invisible\"><\/div><\/div>\t\t\t\t<\/div>\n\t\t\t\t\t\t\t\t<div class=\"elementor-field-group elementor-column elementor-field-type-submit elementor-col-100 e-form__buttons\">\n\t\t\t\t\t<button class=\"elementor-button elementor-size-md\" type=\"submit\">\n\t\t\t\t\t\t<span class=\"elementor-button-content-wrapper\">\n\t\t\t\t\t\t\t\t\t\t\t\t\t\t\t\t\t\t\t\t\t\t<span class=\"elementor-button-text\">Envoyer<\/span>\n\t\t\t\t\t\t\t\t\t\t\t\t\t<\/span>\n\t\t\t\t\t<\/button>\n\t\t\t\t<\/div>\n\t\t\t<\/div>\n\t\t<\/form>\n\t\t\t\t\t\t<\/div>\n\t\t\t\t<\/div>\n\t\t\t\t\t<\/div>\n\t\t<\/div>\n\t\t\t\t\t<\/div>\n\t\t<\/section>\n\t\t\t\t<section class=\"elementor-section elementor-top-section elementor-element elementor-element-711f225 elementor-section-boxed elementor-section-height-default elementor-section-height-default\" data-id=\"711f225\" data-element_type=\"section\" data-e-type=\"section\">\n\t\t\t\t\t\t<div class=\"elementor-container elementor-column-gap-default\">\n\t\t\t\t\t<div class=\"elementor-column elementor-col-100 elementor-top-column elementor-element elementor-element-f77ebeb\" data-id=\"f77ebeb\" data-element_type=\"column\" data-e-type=\"column\">\n\t\t\t<div class=\"elementor-widget-wrap elementor-element-populated\">\n\t\t\t\t\t\t<div class=\"elementor-element elementor-element-84fa79c elementor-widget elementor-widget-text-editor\" data-id=\"84fa79c\" data-element_type=\"widget\" data-e-type=\"widget\" data-widget_type=\"text-editor.default\">\n\t\t\t\t<div class=\"elementor-widget-container\">\n\t\t\t\t\t\t\t\t\t<p><span style=\"font-weight: 400;\">Les Donn\u00e9es \u00e0 caract\u00e8re personnel collect\u00e9es sont destin\u00e9es \u00e0 la soci\u00e9t\u00e9 KP EDUCATION et utilis\u00e9es pour traiter votre demande. Les Donn\u00e9es obligatoires vous sont signal\u00e9es sur le formulaire par un ast\u00e9risque.<\/span><\/p><p><span style=\"font-weight: 400;\">Conform\u00e9ment au R\u00e8glement (UE) 2016\/679 du 27 avril 2016 sur la protection des Donn\u00e9es \u00e0 caract\u00e8re personnel et \u00e0 la loi \u00ab informatique et libert\u00e9s \u00bb du 6 janvier 1978 modifi\u00e9e, vous b\u00e9n\u00e9ficiez d\u2019un droit d\u2019acc\u00e8s, de rectification, d\u2019effacement, de portabilit\u00e9 et de limitation du Traitement des Donn\u00e9es vous concernant ainsi que du droit de communiquer des directives sur le sort de vos Donn\u00e9es apr\u00e8s votre mort. Vous avez \u00e9galement la possibilit\u00e9 de vous opposer au Traitement des Donn\u00e9es vous concernant. Vous pouvez exercer vos droits en contactant le D\u00e9l\u00e9gu\u00e9 \u00e0 la Protection des donn\u00e9es \u00e0 l\u2019adresse \u00e9lectronique suivante\u00a0: <a href=\"mailto:dpo@kp.education\">dpo@kp.education<\/a> ou \u00e0 l\u2019adresse postale suivante\u00a0: KP EDUCATION &#8211; 250 Avenue G\u00e9n\u00e9ral Leclerc 06700 Saint-Laurent-du-Var.<\/span><\/p><p><span style=\"font-weight: 400;\">Pour plus d\u2019informations sur le Traitement de vos Donn\u00e9es \u00e0 caract\u00e8re personnel par KP EDUCATION, veuillez consulter notre <a href=\"https:\/\/www.kp.education\/fr\/politique-de-confidentialite\/\">politique de protection des donn\u00e9es<\/a>.<\/span><\/p>\t\t\t\t\t\t\t\t<\/div>\n\t\t\t\t<\/div>\n\t\t\t\t\t<\/div>\n\t\t<\/div>\n\t\t\t\t\t<\/div>\n\t\t<\/section>\n\t\t\t\t<\/div>\n\t\t","protected":false},"excerpt":{"rendered":"<p>Accueil Contact Contact Nous contacter Les Donn\u00e9es \u00e0 caract\u00e8re personnel collect\u00e9es sont destin\u00e9es \u00e0 la soci\u00e9t\u00e9 KP EDUCATION et utilis\u00e9es pour traiter votre demande. Les Donn\u00e9es obligatoires vous sont signal\u00e9es sur le formulaire par un ast\u00e9risque. Conform\u00e9ment au R\u00e8glement (UE) 2016\/679 du 27 avril 2016 sur la protection des Donn\u00e9es \u00e0 caract\u00e8re personnel et \u00e0 [&hellip;]<\/p>\n","protected":false},"author":1,"featured_media":0,"parent":0,"menu_order":0,"comment_status":"closed","ping_status":"closed","template":"","meta":{"footnotes":""},"class_list":["post-169","page","type-page","status-publish","hentry"],"yoast_head":"<!-- This site is optimized with the Yoast SEO plugin v27.5 - https:\/\/yoast.com\/product\/yoast-seo-wordpress\/ -->\n<title>KP.EDUCATION &#8211; Une question ? Contactez-nous<\/title>\n<meta name=\"description\" content=\"Vous cherchez \u00e0 nous contacter ? Veuillez compl\u00e9ter le formulaire pour nous permettre de r\u00e9pondre rapidement \u00e0 toutes vos questions.\" \/>\n<meta name=\"robots\" content=\"index, follow, max-snippet:-1, max-image-preview:large, max-video-preview:-1\" \/>\n<link rel=\"canonical\" href=\"https:\/\/www.kp.education\/fr\/contact\/\" \/>\n<meta property=\"og:locale\" content=\"fr_FR\" \/>\n<meta property=\"og:type\" content=\"article\" \/>\n<meta property=\"og:title\" content=\"KP.EDUCATION &#8211; Une question ? Contactez-nous\" \/>\n<meta property=\"og:description\" content=\"Vous cherchez \u00e0 nous contacter ? Veuillez compl\u00e9ter le formulaire pour nous permettre de r\u00e9pondre rapidement \u00e0 toutes vos questions.\" \/>\n<meta property=\"og:url\" content=\"https:\/\/www.kp.education\/fr\/contact\/\" \/>\n<meta property=\"og:site_name\" content=\"KP.EDUCATION\" \/>\n<meta property=\"article:modified_time\" content=\"2024-05-24T15:10:09+00:00\" \/>\n<meta name=\"twitter:card\" content=\"summary_large_image\" \/>\n<meta name=\"twitter:label1\" content=\"Dur\u00e9e de lecture estim\u00e9e\" \/>\n\t<meta name=\"twitter:data1\" content=\"1 minute\" \/>\n<script type=\"application\/ld+json\" class=\"yoast-schema-graph\">{\"@context\":\"https:\\\/\\\/schema.org\",\"@graph\":[{\"@type\":\"WebPage\",\"@id\":\"https:\\\/\\\/www.kp.education\\\/fr\\\/contact\\\/\",\"url\":\"https:\\\/\\\/www.kp.education\\\/fr\\\/contact\\\/\",\"name\":\"KP.EDUCATION &#8211; Une question ? Contactez-nous\",\"isPartOf\":{\"@id\":\"https:\\\/\\\/www.kp.education\\\/fr\\\/#website\"},\"datePublished\":\"2022-12-27T16:21:49+00:00\",\"dateModified\":\"2024-05-24T15:10:09+00:00\",\"description\":\"Vous cherchez \u00e0 nous contacter ? Veuillez compl\u00e9ter le formulaire pour nous permettre de r\u00e9pondre rapidement \u00e0 toutes vos questions.\",\"breadcrumb\":{\"@id\":\"https:\\\/\\\/www.kp.education\\\/fr\\\/contact\\\/#breadcrumb\"},\"inLanguage\":\"fr-FR\",\"potentialAction\":[{\"@type\":\"ReadAction\",\"target\":[\"https:\\\/\\\/www.kp.education\\\/fr\\\/contact\\\/\"]}]},{\"@type\":\"BreadcrumbList\",\"@id\":\"https:\\\/\\\/www.kp.education\\\/fr\\\/contact\\\/#breadcrumb\",\"itemListElement\":[{\"@type\":\"ListItem\",\"position\":1,\"name\":\"Accueil\",\"item\":\"https:\\\/\\\/www.kp.education\\\/fr\\\/\"},{\"@type\":\"ListItem\",\"position\":2,\"name\":\"Contact\"}]},{\"@type\":\"WebSite\",\"@id\":\"https:\\\/\\\/www.kp.education\\\/fr\\\/#website\",\"url\":\"https:\\\/\\\/www.kp.education\\\/fr\\\/\",\"name\":\"KP.EDUCATION\",\"description\":\"D\u00e9mocratise l&#039;apprentissage, facilite l&#039;enseignement.\",\"publisher\":{\"@id\":\"https:\\\/\\\/www.kp.education\\\/fr\\\/#organization\"},\"potentialAction\":[{\"@type\":\"SearchAction\",\"target\":{\"@type\":\"EntryPoint\",\"urlTemplate\":\"https:\\\/\\\/www.kp.education\\\/fr\\\/?s={search_term_string}\"},\"query-input\":{\"@type\":\"PropertyValueSpecification\",\"valueRequired\":true,\"valueName\":\"search_term_string\"}}],\"inLanguage\":\"fr-FR\"},{\"@type\":\"Organization\",\"@id\":\"https:\\\/\\\/www.kp.education\\\/fr\\\/#organization\",\"name\":\"KP.EDUCATION\",\"url\":\"https:\\\/\\\/www.kp.education\\\/fr\\\/\",\"logo\":{\"@type\":\"ImageObject\",\"inLanguage\":\"fr-FR\",\"@id\":\"https:\\\/\\\/www.kp.education\\\/fr\\\/#\\\/schema\\\/logo\\\/image\\\/\",\"url\":\"https:\\\/\\\/www.kp.education\\\/wp-content\\\/uploads\\\/2022\\\/12\\\/Banniere-KP-Education.webp\",\"contentUrl\":\"https:\\\/\\\/www.kp.education\\\/wp-content\\\/uploads\\\/2022\\\/12\\\/Banniere-KP-Education.webp\",\"width\":350,\"height\":100,\"caption\":\"KP.EDUCATION\"},\"image\":{\"@id\":\"https:\\\/\\\/www.kp.education\\\/fr\\\/#\\\/schema\\\/logo\\\/image\\\/\"}}]}<\/script>\n<!-- \/ Yoast SEO plugin. -->","yoast_head_json":{"title":"KP.EDUCATION &#8211; Une question ? Contactez-nous","description":"Vous cherchez \u00e0 nous contacter ? Veuillez compl\u00e9ter le formulaire pour nous permettre de r\u00e9pondre rapidement \u00e0 toutes vos questions.","robots":{"index":"index","follow":"follow","max-snippet":"max-snippet:-1","max-image-preview":"max-image-preview:large","max-video-preview":"max-video-preview:-1"},"canonical":"https:\/\/www.kp.education\/fr\/contact\/","og_locale":"fr_FR","og_type":"article","og_title":"KP.EDUCATION &#8211; Une question ? Contactez-nous","og_description":"Vous cherchez \u00e0 nous contacter ? Veuillez compl\u00e9ter le formulaire pour nous permettre de r\u00e9pondre rapidement \u00e0 toutes vos questions.","og_url":"https:\/\/www.kp.education\/fr\/contact\/","og_site_name":"KP.EDUCATION","article_modified_time":"2024-05-24T15:10:09+00:00","twitter_card":"summary_large_image","twitter_misc":{"Dur\u00e9e de lecture estim\u00e9e":"1 minute"},"schema":{"@context":"https:\/\/schema.org","@graph":[{"@type":"WebPage","@id":"https:\/\/www.kp.education\/fr\/contact\/","url":"https:\/\/www.kp.education\/fr\/contact\/","name":"KP.EDUCATION &#8211; Une question ? Contactez-nous","isPartOf":{"@id":"https:\/\/www.kp.education\/fr\/#website"},"datePublished":"2022-12-27T16:21:49+00:00","dateModified":"2024-05-24T15:10:09+00:00","description":"Vous cherchez \u00e0 nous contacter ? Veuillez compl\u00e9ter le formulaire pour nous permettre de r\u00e9pondre rapidement \u00e0 toutes vos questions.","breadcrumb":{"@id":"https:\/\/www.kp.education\/fr\/contact\/#breadcrumb"},"inLanguage":"fr-FR","potentialAction":[{"@type":"ReadAction","target":["https:\/\/www.kp.education\/fr\/contact\/"]}]},{"@type":"BreadcrumbList","@id":"https:\/\/www.kp.education\/fr\/contact\/#breadcrumb","itemListElement":[{"@type":"ListItem","position":1,"name":"Accueil","item":"https:\/\/www.kp.education\/fr\/"},{"@type":"ListItem","position":2,"name":"Contact"}]},{"@type":"WebSite","@id":"https:\/\/www.kp.education\/fr\/#website","url":"https:\/\/www.kp.education\/fr\/","name":"KP.EDUCATION","description":"D\u00e9mocratise l&#039;apprentissage, facilite l&#039;enseignement.","publisher":{"@id":"https:\/\/www.kp.education\/fr\/#organization"},"potentialAction":[{"@type":"SearchAction","target":{"@type":"EntryPoint","urlTemplate":"https:\/\/www.kp.education\/fr\/?s={search_term_string}"},"query-input":{"@type":"PropertyValueSpecification","valueRequired":true,"valueName":"search_term_string"}}],"inLanguage":"fr-FR"},{"@type":"Organization","@id":"https:\/\/www.kp.education\/fr\/#organization","name":"KP.EDUCATION","url":"https:\/\/www.kp.education\/fr\/","logo":{"@type":"ImageObject","inLanguage":"fr-FR","@id":"https:\/\/www.kp.education\/fr\/#\/schema\/logo\/image\/","url":"https:\/\/www.kp.education\/wp-content\/uploads\/2022\/12\/Banniere-KP-Education.webp","contentUrl":"https:\/\/www.kp.education\/wp-content\/uploads\/2022\/12\/Banniere-KP-Education.webp","width":350,"height":100,"caption":"KP.EDUCATION"},"image":{"@id":"https:\/\/www.kp.education\/fr\/#\/schema\/logo\/image\/"}}]}},"_links":{"self":[{"href":"https:\/\/www.kp.education\/fr\/wp-json\/wp\/v2\/pages\/169","targetHints":{"allow":["GET"]}}],"collection":[{"href":"https:\/\/www.kp.education\/fr\/wp-json\/wp\/v2\/pages"}],"about":[{"href":"https:\/\/www.kp.education\/fr\/wp-json\/wp\/v2\/types\/page"}],"author":[{"embeddable":true,"href":"https:\/\/www.kp.education\/fr\/wp-json\/wp\/v2\/users\/1"}],"replies":[{"embeddable":true,"href":"https:\/\/www.kp.education\/fr\/wp-json\/wp\/v2\/comments?post=169"}],"version-history":[{"count":15,"href":"https:\/\/www.kp.education\/fr\/wp-json\/wp\/v2\/pages\/169\/revisions"}],"predecessor-version":[{"id":5504,"href":"https:\/\/www.kp.education\/fr\/wp-json\/wp\/v2\/pages\/169\/revisions\/5504"}],"wp:attachment":[{"href":"https:\/\/www.kp.education\/fr\/wp-json\/wp\/v2\/media?parent=169"}],"curies":[{"name":"wp","href":"https:\/\/api.w.org\/{rel}","templated":true}]}}